{"id":22,"date":"2024-09-24T01:34:56","date_gmt":"2024-09-23T23:34:56","guid":{"rendered":"https:\/\/www.novy-drazejov.cz\/?page_id=22"},"modified":"2026-01-31T07:46:36","modified_gmt":"2026-01-31T06:46:36","slug":"kontakty","status":"publish","type":"page","link":"https:\/\/www.novy-drazejov.cz\/index.php\/kontakty\/","title":{"rendered":"Kontakty"},"content":{"rendered":"\n<p>e-mail :<strong> <a rel=\"noreferrer noopener\" href=\"mailto:osadnivybor@novy-drazejov.cz\" target=\"_blank\"><em>osadnivybor@novy-drazejov.cz<\/em><\/a><\/strong><\/p>\n\n\n\n<p>Facebook : <strong><a rel=\"noreferrer noopener\" href=\"https:\/\/www.facebook.com\/profile.php?id=61565975233832\" target=\"_blank\">https:\/\/www.facebook.com\/profile.php?id=61565975233832<\/a><\/strong><\/p>\n\n\n\n<p>WhatsApp : <strong>730 489 327<\/strong><\/p>\n\n\n\n<p>P\u0159edseda : <\/p>\n\n\n\n<ul class=\"wp-block-list\">\n<li><strong>Radek Pru\u0161\u00e1k<em> 608 920 029<\/em><\/strong><\/li>\n<\/ul>\n\n\n\n<p>\u010clenov\u00e9:<\/p>\n\n\n\n<ul class=\"wp-block-list\">\n<li><strong>Zden\u011bk Kotrba 777 892 817<\/strong><\/li>\n\n\n\n<li><strong>Hana Pavcov\u00e1<\/strong> <strong><em>777 850 449<\/em><\/strong><\/li>\n\n\n\n<li><strong>Zden\u011bk Van\u011bk<\/strong> <strong><em>608 782 040<\/em><\/strong><\/li>\n\n\n\n<li><strong>Michal Frnoch  720 755 817<\/strong><\/li>\n<\/ul>\n\n\n\n<p><\/p>\n","protected":false},"excerpt":{"rendered":"<p>e-mail : osadnivybor@novy-drazejov.cz Facebook : https:\/\/www.facebook.com\/profile.php?id=61565975233832 WhatsApp : 730 489 327 P\u0159edseda : \u010clenov\u00e9:<\/p>\n","protected":false},"author":1,"featured_media":0,"parent":0,"menu_order":0,"comment_status":"closed","ping_status":"closed","template":"","meta":{"footnotes":""},"class_list":["post-22","page","type-page","status-publish","hentry","entry"],"_links":{"self":[{"href":"https:\/\/www.novy-drazejov.cz\/index.php\/wp-json\/wp\/v2\/pages\/22","targetHints":{"allow":["GET"]}}],"collection":[{"href":"https:\/\/www.novy-drazejov.cz\/index.php\/wp-json\/wp\/v2\/pages"}],"about":[{"href":"https:\/\/www.novy-drazejov.cz\/index.php\/wp-json\/wp\/v2\/types\/page"}],"author":[{"embeddable":true,"href":"https:\/\/www.novy-drazejov.cz\/index.php\/wp-json\/wp\/v2\/users\/1"}],"replies":[{"embeddable":true,"href":"https:\/\/www.novy-drazejov.cz\/index.php\/wp-json\/wp\/v2\/comments?post=22"}],"version-history":[{"count":11,"href":"https:\/\/www.novy-drazejov.cz\/index.php\/wp-json\/wp\/v2\/pages\/22\/revisions"}],"predecessor-version":[{"id":635,"href":"https:\/\/www.novy-drazejov.cz\/index.php\/wp-json\/wp\/v2\/pages\/22\/revisions\/635"}],"wp:attachment":[{"href":"https:\/\/www.novy-drazejov.cz\/index.php\/wp-json\/wp\/v2\/media?parent=22"}],"curies":[{"name":"wp","href":"https:\/\/api.w.org\/{rel}","templated":true}]}}